{"id":3545,"date":"2025-05-26T18:50:24","date_gmt":"2025-05-26T18:50:24","guid":{"rendered":"https:\/\/codishark-lab.com\/tracklog\/?page_id=3545"},"modified":"2025-05-29T16:23:56","modified_gmt":"2025-05-29T16:23:56","slug":"noticias","status":"publish","type":"page","link":"https:\/\/codishark-lab.com\/tracklog\/noticias\/","title":{"rendered":"Noticias"},"content":{"rendered":"\t\t<div data-elementor-type=\"wp-page\" data-elementor-id=\"3545\" class=\"elementor elementor-3545\" data-elementor-post-type=\"page\">\n\t\t\t\t\t\t<section class=\"elementor-section elementor-top-section elementor-element elementor-element-35113b5 elementor-section-stretched elementor-section-boxed elementor-section-height-default elementor-section-height-default\" data-id=\"35113b5\" data-element_type=\"section\" data-settings=\"{&quot;background_background&quot;:&quot;classic&quot;,&quot;shape_divider_bottom&quot;:&quot;mountains&quot;,&quot;stretch_section&quot;:&quot;section-stretched&quot;,&quot;ekit_has_onepagescroll_dot&quot;:&quot;yes&quot;}\">\n\t\t\t\t\t\t\t<div class=\"elementor-background-overlay\"><\/div>\n\t\t\t\t\t\t<div class=\"elementor-shape elementor-shape-bottom\" aria-hidden=\"true\" data-negative=\"false\">\n\t\t\t<svg xmlns=\"http:\/\/www.w3.org\/2000\/svg\" viewBox=\"0 0 1000 100\" preserveAspectRatio=\"none\">\n\t<path class=\"elementor-shape-fill\" opacity=\"0.33\" d=\"M473,67.3c-203.9,88.3-263.1-34-320.3,0C66,119.1,0,59.7,0,59.7V0h1000v59.7 c0,0-62.1,26.1-94.9,29.3c-32.8,3.3-62.8-12.3-75.8-22.1C806,49.6,745.3,8.7,694.9,4.7S492.4,59,473,67.3z\"\/>\n\t<path class=\"elementor-shape-fill\" opacity=\"0.66\" d=\"M734,67.3c-45.5,0-77.2-23.2-129.1-39.1c-28.6-8.7-150.3-10.1-254,39.1 s-91.7-34.4-149.2,0C115.7,118.3,0,39.8,0,39.8V0h1000v36.5c0,0-28.2-18.5-92.1-18.5C810.2,18.1,775.7,67.3,734,67.3z\"\/>\n\t<path class=\"elementor-shape-fill\" d=\"M766.1,28.9c-200-57.5-266,65.5-395.1,19.5C242,1.8,242,5.4,184.8,20.6C128,35.8,132.3,44.9,89.9,52.5C28.6,63.7,0,0,0,0 h1000c0,0-9.9,40.9-83.6,48.1S829.6,47,766.1,28.9z\"\/>\n<\/svg>\t\t<\/div>\n\t\t\t\t\t<div class=\"elementor-container elementor-column-gap-default\">\n\t\t\t\t\t<div class=\"elementor-column elementor-col-100 elementor-top-column elementor-element elementor-element-a206242\" data-id=\"a206242\" data-element_type=\"column\">\n\t\t\t<div class=\"elementor-widget-wrap elementor-element-populated\">\n\t\t\t\t\t\t<div class=\"elementor-element elementor-element-369df12 elementor-invisible elementor-widget elementor-widget-heading\" data-id=\"369df12\" data-element_type=\"widget\" data-settings=\"{&quot;_animation&quot;:&quot;fadeInDown&quot;,&quot;ekit_we_effect_on&quot;:&quot;none&quot;}\" data-widget_type=\"heading.default\">\n\t\t\t\t<div class=\"elementor-widget-container\">\n\t\t\t\t\t<h1 class=\"elementor-heading-title elementor-size-xxl\"><span style=\"font-size:24px;font-weight:300\">NUESTRAS<\/span><br> NOTICIAS\n<\/h1>\t\t\t\t<\/div>\n\t\t\t\t<\/div>\n\t\t\t\t\t<\/div>\n\t\t<\/div>\n\t\t\t\t\t<\/div>\n\t\t<\/section>\n\t\t\t\t<section class=\"elementor-section elementor-top-section elementor-element elementor-element-ef6d8d9 elementor-section-boxed elementor-section-height-default elementor-section-height-default\" data-id=\"ef6d8d9\" data-element_type=\"section\" data-settings=\"{&quot;ekit_has_onepagescroll_dot&quot;:&quot;yes&quot;}\">\n\t\t\t\t\t\t<div class=\"elementor-container elementor-column-gap-default\">\n\t\t\t\t\t<div class=\"elementor-column elementor-col-100 elementor-top-column elementor-element elementor-element-cb241eb\" data-id=\"cb241eb\" data-element_type=\"column\">\n\t\t\t<div class=\"elementor-widget-wrap elementor-element-populated\">\n\t\t\t\t\t\t<div class=\"elementor-element elementor-element-619a8ae elementor-grid-3 elementor-grid-tablet-2 elementor-grid-mobile-1 elementor-posts--thumbnail-top elementor-posts--show-avatar elementor-card-shadow-yes elementor-posts__hover-gradient elementor-widget elementor-widget-posts\" data-id=\"619a8ae\" data-element_type=\"widget\" data-settings=\"{&quot;cards_columns&quot;:&quot;3&quot;,&quot;cards_columns_tablet&quot;:&quot;2&quot;,&quot;cards_columns_mobile&quot;:&quot;1&quot;,&quot;cards_row_gap&quot;:{&quot;unit&quot;:&quot;px&quot;,&quot;size&quot;:35,&quot;sizes&quot;:[]},&quot;cards_row_gap_tablet&quot;:{&quot;unit&quot;:&quot;px&quot;,&quot;size&quot;:&quot;&quot;,&quot;sizes&quot;:[]},&quot;cards_row_gap_mobile&quot;:{&quot;unit&quot;:&quot;px&quot;,&quot;size&quot;:&quot;&quot;,&quot;sizes&quot;:[]},&quot;ekit_we_effect_on&quot;:&quot;none&quot;}\" data-widget_type=\"posts.cards\">\n\t\t\t\t<div class=\"elementor-widget-container\">\n\t\t\t\t\t\t\t<div class=\"elementor-posts-container elementor-posts elementor-posts--skin-cards elementor-grid\">\n\t\t\t\t<article class=\"elementor-post elementor-grid-item post-3600 post type-post status-publish format-standard has-post-thumbnail hentry category-sin-categoria\">\n\t\t\t<div class=\"elementor-post__card\">\n\t\t\t\t<a class=\"elementor-post__thumbnail__link\" href=\"https:\/\/codishark-lab.com\/tracklog\/comite-de-transportistas-de-la-minera-hudbay\/\" tabindex=\"-1\" ><div class=\"elementor-post__thumbnail\"><img fetchpriority=\"high\" decoding=\"async\" width=\"300\" height=\"200\" src=\"https:\/\/codishark-lab.com\/tracklog\/wp-content\/uploads\/2025\/05\/4q-300x200.png\" class=\"attachment-medium size-medium wp-image-3859\" alt=\"\" srcset=\"https:\/\/codishark-lab.com\/tracklog\/wp-content\/uploads\/2025\/05\/4q-300x200.png 300w, https:\/\/codishark-lab.com\/tracklog\/wp-content\/uploads\/2025\/05\/4q-768x512.png 768w, https:\/\/codishark-lab.com\/tracklog\/wp-content\/uploads\/2025\/05\/4q-600x400.png 600w, https:\/\/codishark-lab.com\/tracklog\/wp-content\/uploads\/2025\/05\/4q.png 800w\" sizes=\"(max-width: 300px) 100vw, 300px\" \/><\/div><\/a>\n\t\t\t\t<div class=\"elementor-post__badge\">Sin categor\u00eda<\/div>\n\t\t\t\t<div class=\"elementor-post__avatar\">\n\t\t\t<img alt='admin' src='https:\/\/secure.gravatar.com\/avatar\/0fdd0c46ca88c3346fedbc9f3c4b3a08?s=128&#038;d=mm&#038;r=g' srcset='https:\/\/secure.gravatar.com\/avatar\/0fdd0c46ca88c3346fedbc9f3c4b3a08?s=256&#038;d=mm&#038;r=g 2x' class='avatar avatar-128 photo' height='128' width='128' \/>\t\t<\/div>\n\t\t\t\t<div class=\"elementor-post__text\">\n\t\t\t\t<h3 class=\"elementor-post__title\">\n\t\t\t<a href=\"https:\/\/codishark-lab.com\/tracklog\/comite-de-transportistas-de-la-minera-hudbay\/\" >\n\t\t\t\tComit\u00e9 de Transportistas de la minera Hudbay\t\t\t<\/a>\n\t\t<\/h3>\n\t\t\t\t<div class=\"elementor-post__excerpt\">\n\t\t\t<p>Tracklog comparte su experiencia con el Comit\u00e9 de Transportistas de la minera Hudbay El pasado 23 de mayo, Tracklog tuvo el honor de participar en una jornada t\u00e9cnica con el Comit\u00e9 de Transportistas de la minera Hudbay, un espacio clave para el intercambio de experiencias y propuestas que contribuyen al<\/p>\n\t\t<\/div>\n\t\t\n\t\t<a class=\"elementor-post__read-more\" href=\"https:\/\/codishark-lab.com\/tracklog\/comite-de-transportistas-de-la-minera-hudbay\/\" aria-label=\"M\u00e1s informaci\u00f3n sobre Comit\u00e9 de Transportistas de la minera Hudbay\" tabindex=\"-1\" >\n\t\t\tLeer m\u00e1s \u00bb\t\t<\/a>\n\n\t\t\t\t<\/div>\n\t\t\t\t<div class=\"elementor-post__meta-data\">\n\t\t\t\t\t<span class=\"elementor-post-date\">\n\t\t\t29 de mayo de 2025\t\t<\/span>\n\t\t\t\t<span class=\"elementor-post-avatar\">\n\t\t\tNo hay comentarios\t\t<\/span>\n\t\t\t\t<\/div>\n\t\t\t\t\t<\/div>\n\t\t<\/article>\n\t\t\t\t<article class=\"elementor-post elementor-grid-item post-3594 post type-post status-publish format-standard has-post-thumbnail hentry category-sin-categoria\">\n\t\t\t<div class=\"elementor-post__card\">\n\t\t\t\t<a class=\"elementor-post__thumbnail__link\" href=\"https:\/\/codishark-lab.com\/tracklog\/tracklog-en-ruptela-day-2025\/\" tabindex=\"-1\" ><div class=\"elementor-post__thumbnail\"><img decoding=\"async\" width=\"225\" height=\"300\" src=\"https:\/\/codishark-lab.com\/tracklog\/wp-content\/uploads\/2025\/05\/IMG-20250522-WA0024-225x300.jpg\" class=\"attachment-medium size-medium wp-image-3596\" alt=\"\" srcset=\"https:\/\/codishark-lab.com\/tracklog\/wp-content\/uploads\/2025\/05\/IMG-20250522-WA0024-225x300.jpg 225w, https:\/\/codishark-lab.com\/tracklog\/wp-content\/uploads\/2025\/05\/IMG-20250522-WA0024-768x1024.jpg 768w, https:\/\/codishark-lab.com\/tracklog\/wp-content\/uploads\/2025\/05\/IMG-20250522-WA0024-1152x1536.jpg 1152w, https:\/\/codishark-lab.com\/tracklog\/wp-content\/uploads\/2025\/05\/IMG-20250522-WA0024-600x800.jpg 600w, https:\/\/codishark-lab.com\/tracklog\/wp-content\/uploads\/2025\/05\/IMG-20250522-WA0024.jpg 1200w\" sizes=\"(max-width: 225px) 100vw, 225px\" \/><\/div><\/a>\n\t\t\t\t<div class=\"elementor-post__badge\">Sin categor\u00eda<\/div>\n\t\t\t\t<div class=\"elementor-post__avatar\">\n\t\t\t<img alt='admin' src='https:\/\/secure.gravatar.com\/avatar\/0fdd0c46ca88c3346fedbc9f3c4b3a08?s=128&#038;d=mm&#038;r=g' srcset='https:\/\/secure.gravatar.com\/avatar\/0fdd0c46ca88c3346fedbc9f3c4b3a08?s=256&#038;d=mm&#038;r=g 2x' class='avatar avatar-128 photo' height='128' width='128' \/>\t\t<\/div>\n\t\t\t\t<div class=\"elementor-post__text\">\n\t\t\t\t<h3 class=\"elementor-post__title\">\n\t\t\t<a href=\"https:\/\/codishark-lab.com\/tracklog\/tracklog-en-ruptela-day-2025\/\" >\n\t\t\t\tTracklog en RUPTELA DAY 2025\t\t\t<\/a>\n\t\t<\/h3>\n\t\t\t\t<div class=\"elementor-post__excerpt\">\n\t\t\t<p>Fortaleciendo la supervisi\u00f3n log\u00edstica en miner\u00eda: Tracklog presenta su experiencia ante Hudbay En Tracklog reafirmamos nuestro compromiso con la excelencia operativa y la mejora continua en sectores estrat\u00e9gicos como la miner\u00eda. Por ello, el pasado 23 de mayo, tuvimos la valiosa oportunidad de compartir nuestras experiencias y capacidades ante el<\/p>\n\t\t<\/div>\n\t\t\n\t\t<a class=\"elementor-post__read-more\" href=\"https:\/\/codishark-lab.com\/tracklog\/tracklog-en-ruptela-day-2025\/\" aria-label=\"M\u00e1s informaci\u00f3n sobre Tracklog en RUPTELA DAY 2025\" tabindex=\"-1\" >\n\t\t\tLeer m\u00e1s \u00bb\t\t<\/a>\n\n\t\t\t\t<\/div>\n\t\t\t\t<div class=\"elementor-post__meta-data\">\n\t\t\t\t\t<span class=\"elementor-post-date\">\n\t\t\t29 de mayo de 2025\t\t<\/span>\n\t\t\t\t<span class=\"elementor-post-avatar\">\n\t\t\tNo hay comentarios\t\t<\/span>\n\t\t\t\t<\/div>\n\t\t\t\t\t<\/div>\n\t\t<\/article>\n\t\t\t\t<article class=\"elementor-post elementor-grid-item post-3554 post type-post status-publish format-standard has-post-thumbnail hentry category-sin-categoria\">\n\t\t\t<div class=\"elementor-post__card\">\n\t\t\t\t<a class=\"elementor-post__thumbnail__link\" href=\"https:\/\/codishark-lab.com\/tracklog\/ruptela-day-lituania-mayo-2024\/\" tabindex=\"-1\" ><div class=\"elementor-post__thumbnail\"><img decoding=\"async\" width=\"300\" height=\"225\" src=\"https:\/\/codishark-lab.com\/tracklog\/wp-content\/uploads\/2025\/05\/IMG-20250522-WA0019-300x225.jpg\" class=\"attachment-medium size-medium wp-image-3589\" alt=\"\" srcset=\"https:\/\/codishark-lab.com\/tracklog\/wp-content\/uploads\/2025\/05\/IMG-20250522-WA0019-300x225.jpg 300w, https:\/\/codishark-lab.com\/tracklog\/wp-content\/uploads\/2025\/05\/IMG-20250522-WA0019-1024x768.jpg 1024w, https:\/\/codishark-lab.com\/tracklog\/wp-content\/uploads\/2025\/05\/IMG-20250522-WA0019-768x576.jpg 768w, https:\/\/codishark-lab.com\/tracklog\/wp-content\/uploads\/2025\/05\/IMG-20250522-WA0019-600x450.jpg 600w, https:\/\/codishark-lab.com\/tracklog\/wp-content\/uploads\/2025\/05\/IMG-20250522-WA0019.jpg 1280w\" sizes=\"(max-width: 300px) 100vw, 300px\" \/><\/div><\/a>\n\t\t\t\t<div class=\"elementor-post__badge\">Sin categor\u00eda<\/div>\n\t\t\t\t<div class=\"elementor-post__avatar\">\n\t\t\t<img alt='admin' src='https:\/\/secure.gravatar.com\/avatar\/0fdd0c46ca88c3346fedbc9f3c4b3a08?s=128&#038;d=mm&#038;r=g' srcset='https:\/\/secure.gravatar.com\/avatar\/0fdd0c46ca88c3346fedbc9f3c4b3a08?s=256&#038;d=mm&#038;r=g 2x' class='avatar avatar-128 photo' height='128' width='128' \/>\t\t<\/div>\n\t\t\t\t<div class=\"elementor-post__text\">\n\t\t\t\t<h3 class=\"elementor-post__title\">\n\t\t\t<a href=\"https:\/\/codishark-lab.com\/tracklog\/ruptela-day-lituania-mayo-2024\/\" >\n\t\t\t\tTracklog en RUPTELA DAY 2024: Innovaci\u00f3n y Visi\u00f3n Global\t\t\t<\/a>\n\t\t<\/h3>\n\t\t\t\t<div class=\"elementor-post__excerpt\">\n\t\t\t<p>En mayo de 2024, Tracklog tuvo el privilegio de participar en RUPTELA DAY, el evento internacional organizado por Ruptela en Lituania. Esta importante cita re\u00fane a clientes y aliados estrat\u00e9gicos de todo el mundo con el objetivo de compartir los avances m\u00e1s recientes en tecnolog\u00eda GPS y soluciones para la<\/p>\n\t\t<\/div>\n\t\t\n\t\t<a class=\"elementor-post__read-more\" href=\"https:\/\/codishark-lab.com\/tracklog\/ruptela-day-lituania-mayo-2024\/\" aria-label=\"M\u00e1s informaci\u00f3n sobre Tracklog en RUPTELA DAY 2024: Innovaci\u00f3n y Visi\u00f3n Global\" tabindex=\"-1\" >\n\t\t\tLeer m\u00e1s \u00bb\t\t<\/a>\n\n\t\t\t\t<\/div>\n\t\t\t\t<div class=\"elementor-post__meta-data\">\n\t\t\t\t\t<span class=\"elementor-post-date\">\n\t\t\t26 de mayo de 2025\t\t<\/span>\n\t\t\t\t<span class=\"elementor-post-avatar\">\n\t\t\tNo hay comentarios\t\t<\/span>\n\t\t\t\t<\/div>\n\t\t\t\t\t<\/div>\n\t\t<\/article>\n\t\t\t\t<\/div>\n\t\t\n\t\t\t\t\t\t<\/div>\n\t\t\t\t<\/div>\n\t\t\t\t\t<\/div>\n\t\t<\/div>\n\t\t\t\t\t<\/div>\n\t\t<\/section>\n\t\t\t\t<\/div>\n\t\t","protected":false},"excerpt":{"rendered":"<p>NUESTRAS NOTICIAS<\/p>\n","protected":false},"author":1,"featured_media":0,"parent":0,"menu_order":0,"comment_status":"closed","ping_status":"closed","template":"","meta":{"footnotes":""},"class_list":["post-3545","page","type-page","status-publish","hentry"],"_links":{"self":[{"href":"https:\/\/codishark-lab.com\/tracklog\/wp-json\/wp\/v2\/pages\/3545","targetHints":{"allow":["GET"]}}],"collection":[{"href":"https:\/\/codishark-lab.com\/tracklog\/wp-json\/wp\/v2\/pages"}],"about":[{"href":"https:\/\/codishark-lab.com\/tracklog\/wp-json\/wp\/v2\/types\/page"}],"author":[{"embeddable":true,"href":"https:\/\/codishark-lab.com\/tracklog\/wp-json\/wp\/v2\/users\/1"}],"replies":[{"embeddable":true,"href":"https:\/\/codishark-lab.com\/tracklog\/wp-json\/wp\/v2\/comments?post=3545"}],"version-history":[{"count":16,"href":"https:\/\/codishark-lab.com\/tracklog\/wp-json\/wp\/v2\/pages\/3545\/revisions"}],"predecessor-version":[{"id":3610,"href":"https:\/\/codishark-lab.com\/tracklog\/wp-json\/wp\/v2\/pages\/3545\/revisions\/3610"}],"wp:attachment":[{"href":"https:\/\/codishark-lab.com\/tracklog\/wp-json\/wp\/v2\/media?parent=3545"}],"curies":[{"name":"wp","href":"https:\/\/api.w.org\/{rel}","templated":true}]}}