{"id":251,"date":"2024-04-04T00:56:42","date_gmt":"2024-04-03T22:56:42","guid":{"rendered":"https:\/\/codishark-lab.com\/protejo\/?page_id=251"},"modified":"2024-04-06T18:54:44","modified_gmt":"2024-04-06T16:54:44","slug":"blog","status":"publish","type":"page","link":"https:\/\/codishark-lab.com\/protejo\/index.php\/blog\/","title":{"rendered":"Blog"},"content":{"rendered":"\t\t<div data-elementor-type=\"wp-page\" data-elementor-id=\"251\" class=\"elementor elementor-251\" data-elementor-post-type=\"page\">\n\t\t\t\t\t\t<section class=\"elementor-section elementor-top-section elementor-element elementor-element-46853f5 elementor-section-boxed elementor-section-height-default elementor-section-height-default\" data-id=\"46853f5\" data-element_type=\"section\">\n\t\t\t\t\t\t<div class=\"elementor-container elementor-column-gap-default\">\n\t\t\t\t\t<div class=\"elementor-column elementor-col-100 elementor-top-column elementor-element elementor-element-5f8540f\" data-id=\"5f8540f\" data-element_type=\"column\">\n\t\t\t<div class=\"elementor-widget-wrap elementor-element-populated\">\n\t\t\t\t\t\t<div class=\"elementor-element elementor-element-c19711a elementor-widget elementor-widget-heading\" data-id=\"c19711a\" data-element_type=\"widget\" data-widget_type=\"heading.default\">\n\t\t\t\t<div class=\"elementor-widget-container\">\n\t\t\t<style>\/*! elementor - v3.20.0 - 26-03-2024 *\/\n.elementor-heading-title{padding:0;margin:0;line-height:1}.elementor-widget-heading .elementor-heading-title[class*=elementor-size-]>a{color:inherit;font-size:inherit;line-height:inherit}.elementor-widget-heading .elementor-heading-title.elementor-size-small{font-size:15px}.elementor-widget-heading .elementor-heading-title.elementor-size-medium{font-size:19px}.elementor-widget-heading .elementor-heading-title.elementor-size-large{font-size:29px}.elementor-widget-heading .elementor-heading-title.elementor-size-xl{font-size:39px}.elementor-widget-heading .elementor-heading-title.elementor-size-xxl{font-size:59px}<\/style><h2 class=\"elementor-heading-title elementor-size-default\">BLOG\n<\/h2>\t\t<\/div>\n\t\t\t\t<\/div>\n\t\t\t\t<div class=\"elementor-element elementor-element-f2a9357 elementor-grid-3 elementor-grid-tablet-2 elementor-grid-mobile-1 elementor-posts--thumbnail-top elementor-widget elementor-widget-posts\" data-id=\"f2a9357\" data-element_type=\"widget\" data-settings=\"{&quot;classic_columns&quot;:&quot;3&quot;,&quot;classic_columns_tablet&quot;:&quot;2&quot;,&quot;classic_columns_mobile&quot;:&quot;1&quot;,&quot;classic_row_gap&quot;:{&quot;unit&quot;:&quot;px&quot;,&quot;size&quot;:35,&quot;sizes&quot;:[]},&quot;classic_row_gap_tablet&quot;:{&quot;unit&quot;:&quot;px&quot;,&quot;size&quot;:&quot;&quot;,&quot;sizes&quot;:[]},&quot;classic_row_gap_mobile&quot;:{&quot;unit&quot;:&quot;px&quot;,&quot;size&quot;:&quot;&quot;,&quot;sizes&quot;:[]}}\" data-widget_type=\"posts.classic\">\n\t\t\t\t<div class=\"elementor-widget-container\">\n\t\t\t<link rel=\"stylesheet\" href=\"https:\/\/codishark-lab.com\/protejo\/wp-content\/plugins\/elementor-pro\/assets\/css\/widget-posts.min.css\">\t\t<div class=\"elementor-posts-container elementor-posts elementor-posts--skin-classic elementor-grid\">\n\t\t\t\t<article class=\"elementor-post elementor-grid-item post-753 post type-post status-publish format-standard has-post-thumbnail hentry category-blog\">\n\t\t\t\t<a class=\"elementor-post__thumbnail__link\" href=\"https:\/\/codishark-lab.com\/protejo\/index.php\/2024\/04\/08\/seguridad-privada-en-almacenes\/\" tabindex=\"-1\" >\n\t\t\t<div class=\"elementor-post__thumbnail\"><img decoding=\"async\" width=\"300\" height=\"150\" src=\"https:\/\/codishark-lab.com\/protejo\/wp-content\/uploads\/2024\/04\/BLOG3-300x150.jpg\" class=\"attachment-medium size-medium wp-image-755\" alt=\"\" srcset=\"https:\/\/codishark-lab.com\/protejo\/wp-content\/uploads\/2024\/04\/BLOG3-300x150.jpg 300w, https:\/\/codishark-lab.com\/protejo\/wp-content\/uploads\/2024\/04\/BLOG3-1024x512.jpg 1024w, https:\/\/codishark-lab.com\/protejo\/wp-content\/uploads\/2024\/04\/BLOG3-768x384.jpg 768w, https:\/\/codishark-lab.com\/protejo\/wp-content\/uploads\/2024\/04\/BLOG3.jpg 1200w\" sizes=\"(max-width: 300px) 100vw, 300px\" \/><\/div>\n\t\t<\/a>\n\t\t\t\t<div class=\"elementor-post__text\">\n\t\t\t\t<h3 class=\"elementor-post__title\">\n\t\t\t<a href=\"https:\/\/codishark-lab.com\/protejo\/index.php\/2024\/04\/08\/seguridad-privada-en-almacenes\/\" >\n\t\t\t\tSeguridad privada en almacenes\t\t\t<\/a>\n\t\t<\/h3>\n\t\t\t\t<div class=\"elementor-post__meta-data\">\n\t\t\t\t\t<span class=\"elementor-post-date\">\n\t\t\t8 de abril de 2024\t\t<\/span>\n\t\t\t\t<span class=\"elementor-post-avatar\">\n\t\t\tNo hay comentarios\t\t<\/span>\n\t\t\t\t<\/div>\n\t\t\t\t<div class=\"elementor-post__excerpt\">\n\t\t\t<p>La importancia de un servicio de seguridad y vigilancia en un almac\u00e9n es crucial para cualquier organizaci\u00f3n, especialmente si se trata de una empresa u operador log\u00edstico. Es fundamental llevar<\/p>\n\t\t<\/div>\n\t\t\n\t\t<a class=\"elementor-post__read-more\" href=\"https:\/\/codishark-lab.com\/protejo\/index.php\/2024\/04\/08\/seguridad-privada-en-almacenes\/\" aria-label=\"M\u00e1s informaci\u00f3n sobre Seguridad privada en almacenes\" tabindex=\"-1\" >\n\t\t\tLeer m\u00e1s \u00bb\t\t<\/a>\n\n\t\t\t\t<\/div>\n\t\t\t\t<\/article>\n\t\t\t\t<article class=\"elementor-post elementor-grid-item post-747 post type-post status-publish format-standard has-post-thumbnail hentry category-blog\">\n\t\t\t\t<a class=\"elementor-post__thumbnail__link\" href=\"https:\/\/codishark-lab.com\/protejo\/index.php\/2024\/04\/08\/seguridad-privada-en-condominios\/\" tabindex=\"-1\" >\n\t\t\t<div class=\"elementor-post__thumbnail\"><img decoding=\"async\" width=\"300\" height=\"150\" src=\"https:\/\/codishark-lab.com\/protejo\/wp-content\/uploads\/2024\/04\/BLOG1-300x150.jpg\" class=\"attachment-medium size-medium wp-image-741\" alt=\"\" srcset=\"https:\/\/codishark-lab.com\/protejo\/wp-content\/uploads\/2024\/04\/BLOG1-300x150.jpg 300w, https:\/\/codishark-lab.com\/protejo\/wp-content\/uploads\/2024\/04\/BLOG1-1024x512.jpg 1024w, https:\/\/codishark-lab.com\/protejo\/wp-content\/uploads\/2024\/04\/BLOG1-768x384.jpg 768w, https:\/\/codishark-lab.com\/protejo\/wp-content\/uploads\/2024\/04\/BLOG1.jpg 1200w\" sizes=\"(max-width: 300px) 100vw, 300px\" \/><\/div>\n\t\t<\/a>\n\t\t\t\t<div class=\"elementor-post__text\">\n\t\t\t\t<h3 class=\"elementor-post__title\">\n\t\t\t<a href=\"https:\/\/codishark-lab.com\/protejo\/index.php\/2024\/04\/08\/seguridad-privada-en-condominios\/\" >\n\t\t\t\tSeguridad privada en condominios\t\t\t<\/a>\n\t\t<\/h3>\n\t\t\t\t<div class=\"elementor-post__meta-data\">\n\t\t\t\t\t<span class=\"elementor-post-date\">\n\t\t\t8 de abril de 2024\t\t<\/span>\n\t\t\t\t<span class=\"elementor-post-avatar\">\n\t\t\tNo hay comentarios\t\t<\/span>\n\t\t\t\t<\/div>\n\t\t\t\t<div class=\"elementor-post__excerpt\">\n\t\t\t<p>La seguridad en edificios o condominios es esencial para salvaguardar tanto nuestra propia seguridad como la de quienes residen con nosotros. Adem\u00e1s de proteger nuestros bienes adquiridos con esfuerzo, la<\/p>\n\t\t<\/div>\n\t\t\n\t\t<a class=\"elementor-post__read-more\" href=\"https:\/\/codishark-lab.com\/protejo\/index.php\/2024\/04\/08\/seguridad-privada-en-condominios\/\" aria-label=\"M\u00e1s informaci\u00f3n sobre Seguridad privada en condominios\" tabindex=\"-1\" >\n\t\t\tLeer m\u00e1s \u00bb\t\t<\/a>\n\n\t\t\t\t<\/div>\n\t\t\t\t<\/article>\n\t\t\t\t<article class=\"elementor-post elementor-grid-item post-285 post type-post status-publish format-standard has-post-thumbnail hentry category-blog\">\n\t\t\t\t<a class=\"elementor-post__thumbnail__link\" href=\"https:\/\/codishark-lab.com\/protejo\/index.php\/2024\/04\/04\/seguridad-privada-en-obras-y-construcciones\/\" tabindex=\"-1\" >\n\t\t\t<div class=\"elementor-post__thumbnail\"><img decoding=\"async\" width=\"300\" height=\"150\" src=\"https:\/\/codishark-lab.com\/protejo\/wp-content\/uploads\/2024\/04\/BLOG2-300x150.jpg\" class=\"attachment-medium size-medium wp-image-749\" alt=\"\" srcset=\"https:\/\/codishark-lab.com\/protejo\/wp-content\/uploads\/2024\/04\/BLOG2-300x150.jpg 300w, https:\/\/codishark-lab.com\/protejo\/wp-content\/uploads\/2024\/04\/BLOG2-1024x512.jpg 1024w, https:\/\/codishark-lab.com\/protejo\/wp-content\/uploads\/2024\/04\/BLOG2-768x384.jpg 768w, https:\/\/codishark-lab.com\/protejo\/wp-content\/uploads\/2024\/04\/BLOG2.jpg 1200w\" sizes=\"(max-width: 300px) 100vw, 300px\" \/><\/div>\n\t\t<\/a>\n\t\t\t\t<div class=\"elementor-post__text\">\n\t\t\t\t<h3 class=\"elementor-post__title\">\n\t\t\t<a href=\"https:\/\/codishark-lab.com\/protejo\/index.php\/2024\/04\/04\/seguridad-privada-en-obras-y-construcciones\/\" >\n\t\t\t\tSeguridad privada en obras y construcciones\t\t\t<\/a>\n\t\t<\/h3>\n\t\t\t\t<div class=\"elementor-post__meta-data\">\n\t\t\t\t\t<span class=\"elementor-post-date\">\n\t\t\t4 de abril de 2024\t\t<\/span>\n\t\t\t\t<span class=\"elementor-post-avatar\">\n\t\t\tNo hay comentarios\t\t<\/span>\n\t\t\t\t<\/div>\n\t\t\t\t<div class=\"elementor-post__excerpt\">\n\t\t\t<p>Es com\u00fan que en \u00e1reas de obra y construcci\u00f3n se produzcan actos de vandalismo, intrusiones, ocupaciones, robos y hurtos. Estos entornos suelen estar desocupados durante la noche y los d\u00edas<\/p>\n\t\t<\/div>\n\t\t\n\t\t<a class=\"elementor-post__read-more\" href=\"https:\/\/codishark-lab.com\/protejo\/index.php\/2024\/04\/04\/seguridad-privada-en-obras-y-construcciones\/\" aria-label=\"M\u00e1s informaci\u00f3n sobre Seguridad privada en obras y construcciones\" tabindex=\"-1\" >\n\t\t\tLeer m\u00e1s \u00bb\t\t<\/a>\n\n\t\t\t\t<\/div>\n\t\t\t\t<\/article>\n\t\t\t\t<\/div>\n\t\t\n\t\t\t\t<\/div>\n\t\t\t\t<\/div>\n\t\t\t\t\t<\/div>\n\t\t<\/div>\n\t\t\t\t\t<\/div>\n\t\t<\/section>\n\t\t\t\t<\/div>\n\t\t","protected":false},"excerpt":{"rendered":"<p>BLOG<\/p>\n","protected":false},"author":1,"featured_media":0,"parent":0,"menu_order":0,"comment_status":"closed","ping_status":"closed","template":"page-templates\/template-sinatra-fullwidth.php","meta":{"footnotes":""},"_links":{"self":[{"href":"https:\/\/codishark-lab.com\/protejo\/index.php\/wp-json\/wp\/v2\/pages\/251"}],"collection":[{"href":"https:\/\/codishark-lab.com\/protejo\/index.php\/wp-json\/wp\/v2\/pages"}],"about":[{"href":"https:\/\/codishark-lab.com\/protejo\/index.php\/wp-json\/wp\/v2\/types\/page"}],"author":[{"embeddable":true,"href":"https:\/\/codishark-lab.com\/protejo\/index.php\/wp-json\/wp\/v2\/users\/1"}],"replies":[{"embeddable":true,"href":"https:\/\/codishark-lab.com\/protejo\/index.php\/wp-json\/wp\/v2\/comments?post=251"}],"version-history":[{"count":10,"href":"https:\/\/codishark-lab.com\/protejo\/index.php\/wp-json\/wp\/v2\/pages\/251\/revisions"}],"predecessor-version":[{"id":497,"href":"https:\/\/codishark-lab.com\/protejo\/index.php\/wp-json\/wp\/v2\/pages\/251\/revisions\/497"}],"wp:attachment":[{"href":"https:\/\/codishark-lab.com\/protejo\/index.php\/wp-json\/wp\/v2\/media?parent=251"}],"curies":[{"name":"wp","href":"https:\/\/api.w.org\/{rel}","templated":true}]}}