{"id":65,"date":"2024-09-26T06:31:29","date_gmt":"2024-09-26T06:31:29","guid":{"rendered":"https:\/\/codishark-lab.com\/legand\/?page_id=65"},"modified":"2024-11-02T07:45:14","modified_gmt":"2024-11-02T07:45:14","slug":"regulatorio-y-permisos","status":"publish","type":"page","link":"https:\/\/codishark-lab.com\/legand\/regulatorio-y-permisos\/","title":{"rendered":"Regulatorio y Permisos"},"content":{"rendered":"\t\t<div data-elementor-type=\"wp-page\" data-elementor-id=\"65\" class=\"elementor elementor-65\" data-elementor-post-type=\"page\">\n\t\t\t\t\t\t<section class=\"elementor-section elementor-top-section elementor-element elementor-element-f20682f elementor-section-boxed elementor-section-height-default elementor-section-height-default\" data-id=\"f20682f\" data-element_type=\"section\">\n\t\t\t\t\t\t<div class=\"elementor-container elementor-column-gap-default\">\n\t\t\t\t\t<div class=\"elementor-column elementor-col-50 elementor-top-column elementor-element elementor-element-8898f97\" data-id=\"8898f97\" data-element_type=\"column\">\n\t\t\t<div class=\"elementor-widget-wrap elementor-element-populated\">\n\t\t\t\t\t\t<div class=\"elementor-element elementor-element-3b5b728 elementor-widget elementor-widget-heading\" data-id=\"3b5b728\" data-element_type=\"widget\" data-widget_type=\"heading.default\">\n\t\t\t\t<div class=\"elementor-widget-container\">\n\t\t\t<h2 class=\"elementor-heading-title elementor-size-default\">Regulatorio y Permisos<\/h2>\t\t<\/div>\n\t\t\t\t<\/div>\n\t\t\t\t<div class=\"elementor-element elementor-element-b944261 elementor-widget elementor-widget-text-editor\" data-id=\"b944261\" data-element_type=\"widget\" data-widget_type=\"text-editor.default\">\n\t\t\t\t<div class=\"elementor-widget-container\">\n\t\t\t\t\t\t\t<p>Nuestros profesionales tienen amplia experiencia en la estructura organizativa del Estado peruano, as\u00ed como en el marco legal y regulatorio de los sectores econ\u00f3micos m\u00e1s importantes del pa\u00eds.<\/p><p>Nuestra consultor\u00eda ayuda a asegurar el cumplimiento de estas normativas, desde una perspectiva integral y especializada, reconociendo su entorno complejo y variable, a fin de evitar futuras contingencias legales.<\/p><p>Nuestros servicios comprenden la representaci\u00f3n ante las distintas entidades y empresas del Estado, en procedimientos ordinarios para la obtenci\u00f3n de permisos, autorizaciones, licencias, entre otros; as\u00ed como en procedimientos m\u00e1s complejos, que requieren un enfoque multidisciplinario de una industria en particular (medio ambiente, hidrocarburos, telecomunicaciones, electricidad, miner\u00eda, entre otros).<\/p><p>Asimismo, prestamos servicios de asesor\u00eda en los procedimientos sancionadores y de impugnaci\u00f3n, en defensa de los derechos de nuestros clientes.<\/p>\t\t\t\t\t\t<\/div>\n\t\t\t\t<\/div>\n\t\t\t\t\t<\/div>\n\t\t<\/div>\n\t\t\t\t<div class=\"elementor-column elementor-col-50 elementor-top-column elementor-element elementor-element-e139fcc\" data-id=\"e139fcc\" data-element_type=\"column\">\n\t\t\t<div class=\"elementor-widget-wrap elementor-element-populated\">\n\t\t\t\t\t\t<div class=\"elementor-element elementor-element-fe17e14 elementor-widget elementor-widget-image\" data-id=\"fe17e14\" data-element_type=\"widget\" data-widget_type=\"image.default\">\n\t\t\t\t<div class=\"elementor-widget-container\">\n\t\t\t\t\t\t\t\t\t\t\t\t\t<img fetchpriority=\"high\" decoding=\"async\" width=\"900\" height=\"526\" src=\"https:\/\/codishark-lab.com\/legand\/wp-content\/uploads\/2024\/11\/permisos-Personalizado.jpg\" class=\"attachment-large size-large wp-image-160\" alt=\"\" srcset=\"https:\/\/codishark-lab.com\/legand\/wp-content\/uploads\/2024\/11\/permisos-Personalizado.jpg 900w, https:\/\/codishark-lab.com\/legand\/wp-content\/uploads\/2024\/11\/permisos-Personalizado-300x175.jpg 300w, https:\/\/codishark-lab.com\/legand\/wp-content\/uploads\/2024\/11\/permisos-Personalizado-768x449.jpg 768w\" sizes=\"(max-width: 900px) 100vw, 900px\" \/>\t\t\t\t\t\t\t\t\t\t\t\t\t<\/div>\n\t\t\t\t<\/div>\n\t\t\t\t\t<\/div>\n\t\t<\/div>\n\t\t\t\t\t<\/div>\n\t\t<\/section>\n\t\t\t\t<\/div>\n\t\t","protected":false},"excerpt":{"rendered":"<p>Regulatorio y Permisos Nuestros profesionales tienen amplia experiencia en la estructura organizativa del Estado peruano, as\u00ed como en el marco legal y regulatorio de los sectores econ\u00f3micos m\u00e1s importantes del&hellip;<\/p>\n","protected":false},"author":1,"featured_media":0,"parent":0,"menu_order":0,"comment_status":"closed","ping_status":"closed","template":"elementor_header_footer","meta":{"footnotes":""},"class_list":["post-65","page","type-page","status-publish","hentry"],"_links":{"self":[{"href":"https:\/\/codishark-lab.com\/legand\/wp-json\/wp\/v2\/pages\/65"}],"collection":[{"href":"https:\/\/codishark-lab.com\/legand\/wp-json\/wp\/v2\/pages"}],"about":[{"href":"https:\/\/codishark-lab.com\/legand\/wp-json\/wp\/v2\/types\/page"}],"author":[{"embeddable":true,"href":"https:\/\/codishark-lab.com\/legand\/wp-json\/wp\/v2\/users\/1"}],"replies":[{"embeddable":true,"href":"https:\/\/codishark-lab.com\/legand\/wp-json\/wp\/v2\/comments?post=65"}],"version-history":[{"count":7,"href":"https:\/\/codishark-lab.com\/legand\/wp-json\/wp\/v2\/pages\/65\/revisions"}],"predecessor-version":[{"id":163,"href":"https:\/\/codishark-lab.com\/legand\/wp-json\/wp\/v2\/pages\/65\/revisions\/163"}],"wp:attachment":[{"href":"https:\/\/codishark-lab.com\/legand\/wp-json\/wp\/v2\/media?parent=65"}],"curies":[{"name":"wp","href":"https:\/\/api.w.org\/{rel}","templated":true}]}}