{"id":60,"date":"2024-09-26T06:29:58","date_gmt":"2024-09-26T06:29:58","guid":{"rendered":"https:\/\/codishark-lab.com\/legand\/?page_id=60"},"modified":"2024-09-26T06:30:49","modified_gmt":"2024-09-26T06:30:49","slug":"asesoria-legal-corporativa","status":"publish","type":"page","link":"https:\/\/codishark-lab.com\/legand\/asesoria-legal-corporativa\/","title":{"rendered":"Asesor\u00eda Legal Corporativa"},"content":{"rendered":"\t\t<div data-elementor-type=\"wp-page\" data-elementor-id=\"60\" class=\"elementor elementor-60\" data-elementor-post-type=\"page\">\n\t\t\t\t\t\t<section class=\"elementor-section elementor-top-section elementor-element elementor-element-331f694 elementor-section-boxed elementor-section-height-default elementor-section-height-default\" data-id=\"331f694\" data-element_type=\"section\">\n\t\t\t\t\t\t<div class=\"elementor-container elementor-column-gap-default\">\n\t\t\t\t\t<div class=\"elementor-column elementor-col-50 elementor-top-column elementor-element elementor-element-1b59286\" data-id=\"1b59286\" data-element_type=\"column\">\n\t\t\t<div class=\"elementor-widget-wrap elementor-element-populated\">\n\t\t\t\t\t\t<div class=\"elementor-element elementor-element-78fd50a elementor-widget elementor-widget-heading\" data-id=\"78fd50a\" data-element_type=\"widget\" data-widget_type=\"heading.default\">\n\t\t\t\t<div class=\"elementor-widget-container\">\n\t\t\t<h2 class=\"elementor-heading-title elementor-size-default\">Asesor\u00eda Legal Corporativa<\/h2>\t\t<\/div>\n\t\t\t\t<\/div>\n\t\t\t\t<div class=\"elementor-element elementor-element-e7f2e10 elementor-widget elementor-widget-text-editor\" data-id=\"e7f2e10\" data-element_type=\"widget\" data-widget_type=\"text-editor.default\">\n\t\t\t\t<div class=\"elementor-widget-container\">\n\t\t\t\t\t\t\t<p>La asesor\u00eda legal corporativa tiene como principal prop\u00f3sito el cumplimiento del marco legal aplicable, optando por las herramientas y mecanismos que la ley permite para la mejor y m\u00e1s eficiente toma de decisiones. Abordamos los asuntos legales desde la perspectiva de un equipo multidisciplinario, lo que nos permite ofrecer soluciones orientadas a la protecci\u00f3n de la inversi\u00f3n y crecimiento sostenible de la empresa.\u00a0<\/p><p>Nuestros servicios incluyen el an\u00e1lisis y evaluaci\u00f3n de la estructura legal de la empresa, a fin de maximizar los beneficios y minimizar los riesgos legales.<\/p><p>Asimismo, asesoramos a su empresa en la negociaci\u00f3n, revisi\u00f3n y elaboraci\u00f3n de los distintos contratos comerciales y civiles. En este campo, prestamos una atenci\u00f3n personalizada, sobre un enfoque muy pragm\u00e1tico de acuerdo a las necesidades de su empresa, para entender y conocer su negocio, y as\u00ed identificar riesgos potenciales en contratos, operaciones comerciales y decisiones estrat\u00e9gicas, que nos permita minimizar el impacto financiero.<\/p>\t\t\t\t\t\t<\/div>\n\t\t\t\t<\/div>\n\t\t\t\t\t<\/div>\n\t\t<\/div>\n\t\t\t\t<div class=\"elementor-column elementor-col-50 elementor-top-column elementor-element elementor-element-af1f4a6\" data-id=\"af1f4a6\" data-element_type=\"column\">\n\t\t\t<div class=\"elementor-widget-wrap elementor-element-populated\">\n\t\t\t\t\t\t<div class=\"elementor-element elementor-element-fca0b76 elementor-widget elementor-widget-image\" data-id=\"fca0b76\" data-element_type=\"widget\" data-widget_type=\"image.default\">\n\t\t\t\t<div class=\"elementor-widget-container\">\n\t\t\t\t\t\t\t\t\t\t\t\t\t<img fetchpriority=\"high\" decoding=\"async\" width=\"590\" height=\"530\" src=\"https:\/\/codishark-lab.com\/legand\/wp-content\/uploads\/2024\/09\/home7-img1-1.jpg\" class=\"attachment-large size-large wp-image-46\" alt=\"\" srcset=\"https:\/\/codishark-lab.com\/legand\/wp-content\/uploads\/2024\/09\/home7-img1-1.jpg 590w, https:\/\/codishark-lab.com\/legand\/wp-content\/uploads\/2024\/09\/home7-img1-1-300x269.jpg 300w\" sizes=\"(max-width: 590px) 100vw, 590px\" \/>\t\t\t\t\t\t\t\t\t\t\t\t\t<\/div>\n\t\t\t\t<\/div>\n\t\t\t\t\t<\/div>\n\t\t<\/div>\n\t\t\t\t\t<\/div>\n\t\t<\/section>\n\t\t\t\t<\/div>\n\t\t","protected":false},"excerpt":{"rendered":"<p>Asesor\u00eda Legal Corporativa La asesor\u00eda legal corporativa tiene como principal prop\u00f3sito el cumplimiento del marco legal aplicable, optando por las herramientas y mecanismos que la ley permite para la mejor&hellip;<\/p>\n","protected":false},"author":1,"featured_media":0,"parent":0,"menu_order":0,"comment_status":"closed","ping_status":"closed","template":"elementor_header_footer","meta":{"footnotes":""},"class_list":["post-60","page","type-page","status-publish","hentry"],"_links":{"self":[{"href":"https:\/\/codishark-lab.com\/legand\/wp-json\/wp\/v2\/pages\/60"}],"collection":[{"href":"https:\/\/codishark-lab.com\/legand\/wp-json\/wp\/v2\/pages"}],"about":[{"href":"https:\/\/codishark-lab.com\/legand\/wp-json\/wp\/v2\/types\/page"}],"author":[{"embeddable":true,"href":"https:\/\/codishark-lab.com\/legand\/wp-json\/wp\/v2\/users\/1"}],"replies":[{"embeddable":true,"href":"https:\/\/codishark-lab.com\/legand\/wp-json\/wp\/v2\/comments?post=60"}],"version-history":[{"count":4,"href":"https:\/\/codishark-lab.com\/legand\/wp-json\/wp\/v2\/pages\/60\/revisions"}],"predecessor-version":[{"id":64,"href":"https:\/\/codishark-lab.com\/legand\/wp-json\/wp\/v2\/pages\/60\/revisions\/64"}],"wp:attachment":[{"href":"https:\/\/codishark-lab.com\/legand\/wp-json\/wp\/v2\/media?parent=60"}],"curies":[{"name":"wp","href":"https:\/\/api.w.org\/{rel}","templated":true}]}}