{"id":55,"date":"2024-09-26T06:29:03","date_gmt":"2024-09-26T06:29:03","guid":{"rendered":"https:\/\/codishark-lab.com\/legand\/?page_id=55"},"modified":"2025-01-30T17:49:19","modified_gmt":"2025-01-30T17:49:19","slug":"gestion-de-proyectos-mineros","status":"publish","type":"page","link":"https:\/\/codishark-lab.com\/legand\/gestion-de-proyectos-mineros\/","title":{"rendered":"Gesti\u00f3n de Proyectos Mineros"},"content":{"rendered":"\t\t<div data-elementor-type=\"wp-page\" data-elementor-id=\"55\" class=\"elementor elementor-55\" data-elementor-post-type=\"page\">\n\t\t\t\t\t\t<section class=\"elementor-section elementor-top-section elementor-element elementor-element-7ed7f47 elementor-section-boxed elementor-section-height-default elementor-section-height-default\" data-id=\"7ed7f47\" data-element_type=\"section\">\n\t\t\t\t\t\t<div class=\"elementor-container elementor-column-gap-default\">\n\t\t\t\t\t<div class=\"elementor-column elementor-col-50 elementor-top-column elementor-element elementor-element-3626483\" data-id=\"3626483\" data-element_type=\"column\">\n\t\t\t<div class=\"elementor-widget-wrap elementor-element-populated\">\n\t\t\t\t\t\t<div class=\"elementor-element elementor-element-69a22d8 elementor-widget elementor-widget-heading\" data-id=\"69a22d8\" data-element_type=\"widget\" data-widget_type=\"heading.default\">\n\t\t\t\t<div class=\"elementor-widget-container\">\n\t\t\t<h2 class=\"elementor-heading-title elementor-size-default\">Administraci\u00f3n de Proyectos<\/h2>\t\t<\/div>\n\t\t\t\t<\/div>\n\t\t\t\t<div class=\"elementor-element elementor-element-a83b753 elementor-widget elementor-widget-text-editor\" data-id=\"a83b753\" data-element_type=\"widget\" data-widget_type=\"text-editor.default\">\n\t\t\t\t<div class=\"elementor-widget-container\">\n\t\t\t\t\t\t\t<p>Nuestros profesionales le ayudar\u00e1n a gestionar con \u00e9xito los proyectos de su empresa, generar a valor a su negocio y alcanzar las metas trazadas, desde la definici\u00f3n, planificaci\u00f3n, ejecuci\u00f3n, control y cierre del proyecto.<\/p><p>Prestamos asesor\u00eda en la administraci\u00f3n de proyectos, principalmente en las \u00e1reas de back-office, con lo cual ayudamos a nuestros clientes a reducir sus costos fijos operativos y mejorar su capacidad de respuesta productiva.<\/p><p>Asumimos nuestro trabajo con compromiso, responsabilidad y profesionalismo. Desde un inicio, estableceremos las expectativas respecto del proyecto, as\u00ed como los mecanismos de comunicaci\u00f3n, a fin de mantener una evaluaci\u00f3n constante del progreso de nuestro trabajo.<\/p>\t\t\t\t\t\t<\/div>\n\t\t\t\t<\/div>\n\t\t\t\t\t<\/div>\n\t\t<\/div>\n\t\t\t\t<div class=\"elementor-column elementor-col-50 elementor-top-column elementor-element elementor-element-5fa14ab\" data-id=\"5fa14ab\" data-element_type=\"column\">\n\t\t\t<div class=\"elementor-widget-wrap elementor-element-populated\">\n\t\t\t\t\t\t<div class=\"elementor-element elementor-element-c2e2c84 elementor-widget elementor-widget-image\" data-id=\"c2e2c84\" data-element_type=\"widget\" data-widget_type=\"image.default\">\n\t\t\t\t<div class=\"elementor-widget-container\">\n\t\t\t\t\t\t\t\t\t\t\t\t\t<img fetchpriority=\"high\" decoding=\"async\" width=\"900\" height=\"600\" src=\"https:\/\/codishark-lab.com\/legand\/wp-content\/uploads\/2024\/11\/gestion_proyectos-Personalizado.jpg\" class=\"attachment-large size-large wp-image-156\" alt=\"\" srcset=\"https:\/\/codishark-lab.com\/legand\/wp-content\/uploads\/2024\/11\/gestion_proyectos-Personalizado.jpg 900w, https:\/\/codishark-lab.com\/legand\/wp-content\/uploads\/2024\/11\/gestion_proyectos-Personalizado-300x200.jpg 300w, https:\/\/codishark-lab.com\/legand\/wp-content\/uploads\/2024\/11\/gestion_proyectos-Personalizado-768x512.jpg 768w\" sizes=\"(max-width: 900px) 100vw, 900px\" \/>\t\t\t\t\t\t\t\t\t\t\t\t\t<\/div>\n\t\t\t\t<\/div>\n\t\t\t\t\t<\/div>\n\t\t<\/div>\n\t\t\t\t\t<\/div>\n\t\t<\/section>\n\t\t\t\t<\/div>\n\t\t","protected":false},"excerpt":{"rendered":"<p>Administraci\u00f3n de Proyectos Nuestros profesionales le ayudar\u00e1n a gestionar con \u00e9xito los proyectos de su empresa, generar a valor a su negocio y alcanzar las metas trazadas, desde la definici\u00f3n,&hellip;<\/p>\n","protected":false},"author":1,"featured_media":0,"parent":0,"menu_order":0,"comment_status":"closed","ping_status":"closed","template":"elementor_header_footer","meta":{"footnotes":""},"class_list":["post-55","page","type-page","status-publish","hentry"],"_links":{"self":[{"href":"https:\/\/codishark-lab.com\/legand\/wp-json\/wp\/v2\/pages\/55"}],"collection":[{"href":"https:\/\/codishark-lab.com\/legand\/wp-json\/wp\/v2\/pages"}],"about":[{"href":"https:\/\/codishark-lab.com\/legand\/wp-json\/wp\/v2\/types\/page"}],"author":[{"embeddable":true,"href":"https:\/\/codishark-lab.com\/legand\/wp-json\/wp\/v2\/users\/1"}],"replies":[{"embeddable":true,"href":"https:\/\/codishark-lab.com\/legand\/wp-json\/wp\/v2\/comments?post=55"}],"version-history":[{"count":11,"href":"https:\/\/codishark-lab.com\/legand\/wp-json\/wp\/v2\/pages\/55\/revisions"}],"predecessor-version":[{"id":238,"href":"https:\/\/codishark-lab.com\/legand\/wp-json\/wp\/v2\/pages\/55\/revisions\/238"}],"wp:attachment":[{"href":"https:\/\/codishark-lab.com\/legand\/wp-json\/wp\/v2\/media?parent=55"}],"curies":[{"name":"wp","href":"https:\/\/api.w.org\/{rel}","templated":true}]}}