{"id":179,"date":"2024-11-02T07:47:35","date_gmt":"2024-11-02T07:47:35","guid":{"rendered":"https:\/\/codishark-lab.com\/legand\/?page_id=179"},"modified":"2024-12-13T14:47:54","modified_gmt":"2024-12-13T14:47:54","slug":"relaciones-comunitarias","status":"publish","type":"page","link":"https:\/\/codishark-lab.com\/legand\/relaciones-comunitarias\/","title":{"rendered":"Relaciones Comunitarias"},"content":{"rendered":"\t\t<div data-elementor-type=\"wp-page\" data-elementor-id=\"179\" class=\"elementor elementor-179\" data-elementor-post-type=\"page\">\n\t\t\t\t\t\t<section class=\"elementor-section elementor-top-section elementor-element elementor-element-7ed7f47 elementor-section-boxed elementor-section-height-default elementor-section-height-default\" data-id=\"7ed7f47\" data-element_type=\"section\">\n\t\t\t\t\t\t<div class=\"elementor-container elementor-column-gap-default\">\n\t\t\t\t\t<div class=\"elementor-column elementor-col-50 elementor-top-column elementor-element elementor-element-3626483\" data-id=\"3626483\" data-element_type=\"column\">\n\t\t\t<div class=\"elementor-widget-wrap elementor-element-populated\">\n\t\t\t\t\t\t<div class=\"elementor-element elementor-element-69a22d8 elementor-widget elementor-widget-heading\" data-id=\"69a22d8\" data-element_type=\"widget\" data-widget_type=\"heading.default\">\n\t\t\t\t<div class=\"elementor-widget-container\">\n\t\t\t<h2 class=\"elementor-heading-title elementor-size-default\">Relaciones Comunitarias<\/h2>\t\t<\/div>\n\t\t\t\t<\/div>\n\t\t\t\t<div class=\"elementor-element elementor-element-3ada07d elementor-widget elementor-widget-text-editor\" data-id=\"3ada07d\" data-element_type=\"widget\" data-widget_type=\"text-editor.default\">\n\t\t\t\t<div class=\"elementor-widget-container\">\n\t\t\t\t\t\t\t<p>En Legand damos asesor\u00eda a nuestros clientes en la gesti\u00f3n de las relaciones con sus stakeholders, as\u00ed como el dise\u00f1o de implementaci\u00f3n de planes conjuntos de desarrollo, implementaci\u00f3n de pol\u00edticas ambientales sociales y de gobernanza (ESG) y estrategias de prevenci\u00f3n de conflictos. Todos estos servicios est\u00e1n encaminados para que nuestros clientes puedan desarrollar sus objetivos de negocio en armon\u00eda con el entorno en el que realizan sus operaciones.<\/p>\t\t\t\t\t\t<\/div>\n\t\t\t\t<\/div>\n\t\t\t\t\t<\/div>\n\t\t<\/div>\n\t\t\t\t<div class=\"elementor-column elementor-col-50 elementor-top-column elementor-element elementor-element-5fa14ab\" data-id=\"5fa14ab\" data-element_type=\"column\">\n\t\t\t<div class=\"elementor-widget-wrap elementor-element-populated\">\n\t\t\t\t\t\t<div class=\"elementor-element elementor-element-c2e2c84 elementor-widget elementor-widget-image\" data-id=\"c2e2c84\" data-element_type=\"widget\" data-widget_type=\"image.default\">\n\t\t\t\t<div class=\"elementor-widget-container\">\n\t\t\t\t\t\t\t\t\t\t\t\t\t<img fetchpriority=\"high\" decoding=\"async\" width=\"900\" height=\"600\" src=\"https:\/\/codishark-lab.com\/legand\/wp-content\/uploads\/2024\/11\/relaciones-comunitarias-Personalizado.jpg\" class=\"attachment-large size-large wp-image-181\" alt=\"\" srcset=\"https:\/\/codishark-lab.com\/legand\/wp-content\/uploads\/2024\/11\/relaciones-comunitarias-Personalizado.jpg 900w, https:\/\/codishark-lab.com\/legand\/wp-content\/uploads\/2024\/11\/relaciones-comunitarias-Personalizado-300x200.jpg 300w, https:\/\/codishark-lab.com\/legand\/wp-content\/uploads\/2024\/11\/relaciones-comunitarias-Personalizado-768x512.jpg 768w\" sizes=\"(max-width: 900px) 100vw, 900px\" \/>\t\t\t\t\t\t\t\t\t\t\t\t\t<\/div>\n\t\t\t\t<\/div>\n\t\t\t\t\t<\/div>\n\t\t<\/div>\n\t\t\t\t\t<\/div>\n\t\t<\/section>\n\t\t\t\t<\/div>\n\t\t","protected":false},"excerpt":{"rendered":"<p>Relaciones Comunitarias En Legand damos asesor\u00eda a nuestros clientes en la gesti\u00f3n de las relaciones con sus stakeholders, as\u00ed como el dise\u00f1o de implementaci\u00f3n de planes conjuntos de desarrollo, implementaci\u00f3n&hellip;<\/p>\n","protected":false},"author":1,"featured_media":0,"parent":0,"menu_order":0,"comment_status":"closed","ping_status":"closed","template":"elementor_header_footer","meta":{"footnotes":""},"class_list":["post-179","page","type-page","status-publish","hentry"],"_links":{"self":[{"href":"https:\/\/codishark-lab.com\/legand\/wp-json\/wp\/v2\/pages\/179"}],"collection":[{"href":"https:\/\/codishark-lab.com\/legand\/wp-json\/wp\/v2\/pages"}],"about":[{"href":"https:\/\/codishark-lab.com\/legand\/wp-json\/wp\/v2\/types\/page"}],"author":[{"embeddable":true,"href":"https:\/\/codishark-lab.com\/legand\/wp-json\/wp\/v2\/users\/1"}],"replies":[{"embeddable":true,"href":"https:\/\/codishark-lab.com\/legand\/wp-json\/wp\/v2\/comments?post=179"}],"version-history":[{"count":7,"href":"https:\/\/codishark-lab.com\/legand\/wp-json\/wp\/v2\/pages\/179\/revisions"}],"predecessor-version":[{"id":212,"href":"https:\/\/codishark-lab.com\/legand\/wp-json\/wp\/v2\/pages\/179\/revisions\/212"}],"wp:attachment":[{"href":"https:\/\/codishark-lab.com\/legand\/wp-json\/wp\/v2\/media?parent=179"}],"curies":[{"name":"wp","href":"https:\/\/api.w.org\/{rel}","templated":true}]}}