{"id":623,"date":"2025-08-06T18:16:51","date_gmt":"2025-08-06T18:16:51","guid":{"rendered":"https:\/\/codishark-lab.com\/gianlui\/?post_type=product&#038;p=623"},"modified":"2025-08-27T15:43:16","modified_gmt":"2025-08-27T15:43:16","slug":"cama-plegable-2-plaza-mc-2","status":"publish","type":"product","link":"https:\/\/codishark-lab.com\/gianlui\/product\/cama-plegable-2-plaza-mc-2\/","title":{"rendered":"Cama Plegable 2 PLAZA MC"},"content":{"rendered":"<p>&nbsp;<\/p>\n<ul>\n<li>Elaborado con tubos de 1&#8243; electro soldados tipo LAF y LAC.<\/li>\n<li>Base con planchas para un soporte uniforme de la colchoneta.<\/li>\n<li>Pintura electrost\u00e1tica al horno de m\u00e1xima duraci\u00f3n.<\/li>\n<li>Cuenta con zapatos deslizantes.<\/li>\n<li>Cama auxiliar de armado f\u00e1cil y practico<\/li>\n<li>Soporte de peso m\u00e1ximo 120 kg<\/li>\n<li>Ideal para colchones de resorte y espuma.<\/li>\n<li>Altura: 0.42 m<\/li>\n<li>Medida exterior: 1.90 m x 1.30 m<\/li>\n<li>Medida interior: 1.85 x 1.30 m<\/li>\n<li>El precio no incluye el colch\u00f3n<\/li>\n<\/ul>\n<p>&nbsp;<\/p>\n","protected":false},"excerpt":{"rendered":"<ul>\n<li>Elaborado con tubos de 1&#8243; electro soldados tipo LAF y LAC.<\/li>\n<li>Base con planchas para un soporte uniforme de la colchoneta.<\/li>\n<li>Pintura electrost\u00e1tica al horno de m\u00e1xima duraci\u00f3n.<\/li>\n<li>Cuenta con zapatos deslizantes.<\/li>\n<li>Cama auxiliar de armado f\u00e1cil y practico<\/li>\n<li>Soporte de peso m\u00e1ximo 120 kg<\/li>\n<li>Ideal para colchones de resorte y espuma.<\/li>\n<li>Altura: 0.42 m<\/li>\n<li>Medida exterior: 1.90 m x 1.30 m<\/li>\n<li>Medida interior: 1.85 x 1.30 m<\/li>\n<li>El precio no incluye el colch\u00f3n<\/li>\n<\/ul>\n","protected":false},"featured_media":658,"comment_status":"closed","ping_status":"closed","template":"","meta":[],"product_brand":[],"product_cat":[164,26,31],"product_tag":[147],"class_list":{"0":"post-623","1":"product","2":"type-product","3":"status-publish","4":"has-post-thumbnail","6":"product_cat-2-plazas-camas-de-metal","7":"product_cat-camas-de-metal","8":"product_cat-camas-plegables","9":"product_tag-cama-plegable-2-plaza-mc","11":"first","12":"instock","13":"sale","14":"featured","15":"shipping-taxable","16":"purchasable","17":"product-type-simple"},"_links":{"self":[{"href":"https:\/\/codishark-lab.com\/gianlui\/wp-json\/wp\/v2\/product\/623","targetHints":{"allow":["GET"]}}],"collection":[{"href":"https:\/\/codishark-lab.com\/gianlui\/wp-json\/wp\/v2\/product"}],"about":[{"href":"https:\/\/codishark-lab.com\/gianlui\/wp-json\/wp\/v2\/types\/product"}],"replies":[{"embeddable":true,"href":"https:\/\/codishark-lab.com\/gianlui\/wp-json\/wp\/v2\/comments?post=623"}],"wp:featuredmedia":[{"embeddable":true,"href":"https:\/\/codishark-lab.com\/gianlui\/wp-json\/wp\/v2\/media\/658"}],"wp:attachment":[{"href":"https:\/\/codishark-lab.com\/gianlui\/wp-json\/wp\/v2\/media?parent=623"}],"wp:term":[{"taxonomy":"product_brand","embeddable":true,"href":"https:\/\/codishark-lab.com\/gianlui\/wp-json\/wp\/v2\/product_brand?post=623"},{"taxonomy":"product_cat","embeddable":true,"href":"https:\/\/codishark-lab.com\/gianlui\/wp-json\/wp\/v2\/product_cat?post=623"},{"taxonomy":"product_tag","embeddable":true,"href":"https:\/\/codishark-lab.com\/gianlui\/wp-json\/wp\/v2\/product_tag?post=623"}],"curies":[{"name":"wp","href":"https:\/\/api.w.org\/{rel}","templated":true}]}}